{"id":304,"date":"2021-12-26T12:44:34","date_gmt":"2021-12-26T12:44:34","guid":{"rendered":"https:\/\/szolosapartman.hu\/?page_id=304"},"modified":"2021-12-26T12:45:55","modified_gmt":"2021-12-26T12:45:55","slug":"elementor-304","status":"publish","type":"page","link":"https:\/\/szolosapartman.hu\/en\/elementor-304\/","title":{"rendered":"Elementor #304"},"content":{"rendered":"<div data-elementor-type=\"wp-page\" data-elementor-id=\"304\" class=\"elementor elementor-304\">\n\t\t\t\t\t\t\t\t\t<section class=\"elementor-section elementor-top-section elementor-element elementor-element-f80ae08 elementor-section-height-full elementor-section-boxed elementor-section-height-default elementor-section-items-middle\" data-id=\"f80ae08\" data-element_type=\"section\">\n\t\t\t\t\t\t<div class=\"elementor-container elementor-column-gap-default\">\n\t\t\t\t\t<div class=\"elementor-column elementor-col-100 elementor-top-column elementor-element elementor-element-dee6265\" data-id=\"dee6265\" data-element_type=\"column\">\n\t\t\t<div class=\"elementor-widget-wrap elementor-element-populated\">\n\t\t\t\t\t\t\t\t<div class=\"elementor-element elementor-element-9cd2e38 elementor-widget elementor-widget-heading\" data-id=\"9cd2e38\" data-element_type=\"widget\" data-widget_type=\"heading.default\">\n\t\t\t\t<div class=\"elementor-widget-container\">\n\t\t\t<style>\/*! elementor - v3.7.1 - 14-08-2022 *\/\n.elementor-heading-title{padding:0;margin:0;line-height:1}.elementor-widget-heading .elementor-heading-title[class*=elementor-size-]>a{color:inherit;font-size:inherit;line-height:inherit}.elementor-widget-heading .elementor-heading-title.elementor-size-small{font-size:15px}.elementor-widget-heading .elementor-heading-title.elementor-size-medium{font-size:19px}.elementor-widget-heading .elementor-heading-title.elementor-size-large{font-size:29px}.elementor-widget-heading .elementor-heading-title.elementor-size-xl{font-size:39px}.elementor-widget-heading .elementor-heading-title.elementor-size-xxl{font-size:59px}<\/style><h2 class=\"elementor-heading-title elementor-size-default\">Hamarosan...<\/h2>\t\t<\/div>\n\t\t\t\t<\/div>\n\t\t\t\t\t<\/div>\n\t\t<\/div>\n\t\t\t\t\t\t\t<\/div>\n\t\t<\/section>\n\t\t\t\t\t\t\t<\/div>","protected":false},"excerpt":{"rendered":"<p>Hamarosan&#8230;<\/p>","protected":false},"author":1,"featured_media":0,"parent":0,"menu_order":0,"comment_status":"closed","ping_status":"closed","template":"elementor_canvas","meta":{"_mi_skip_tracking":false},"yoast_head":"<!-- This site is optimized with the Yoast SEO plugin v19.4 - https:\/\/yoast.com\/wordpress\/plugins\/seo\/ -->\n<title>Elementor #304 - szolosapartman.hu<\/title>\n<meta name=\"robots\" content=\"index, follow, max-snippet:-1, max-image-preview:large, max-video-preview:-1\" \/>\n<link rel=\"canonical\" href=\"https:\/\/szolosapartman.hu\/en\/elementor-304\/\" \/>\n<meta property=\"og:locale\" content=\"en_US\" \/>\n<meta property=\"og:type\" content=\"article\" \/>\n<meta property=\"og:title\" content=\"Elementor #304 - szolosapartman.hu\" \/>\n<meta property=\"og:description\" content=\"Hamarosan&#8230;\" \/>\n<meta property=\"og:url\" content=\"https:\/\/szolosapartman.hu\/en\/elementor-304\/\" \/>\n<meta property=\"og:site_name\" content=\"szolosapartman.hu\" \/>\n<meta property=\"article:modified_time\" content=\"2021-12-26T12:45:55+00:00\" \/>\n<meta name=\"twitter:card\" content=\"summary_large_image\" \/>\n<script type=\"application\/ld+json\" class=\"yoast-schema-graph\">{\"@context\":\"https:\/\/schema.org\",\"@graph\":[{\"@type\":\"Organization\",\"@id\":\"https:\/\/szolosapartman.hu\/#organization\",\"name\":\"Sz\u0151l\u0151s Vend\u00e9gh\u00e1z Zam\u00e1rdi\",\"url\":\"https:\/\/szolosapartman.hu\/\",\"sameAs\":[],\"logo\":{\"@type\":\"ImageObject\",\"inLanguage\":\"en-US\",\"@id\":\"https:\/\/szolosapartman.hu\/#\/schema\/logo\/image\/\",\"url\":\"https:\/\/szolosapartman.hu\/wp-content\/uploads\/2021\/12\/logo.webp\",\"contentUrl\":\"https:\/\/szolosapartman.hu\/wp-content\/uploads\/2021\/12\/logo.webp\",\"width\":675,\"height\":138,\"caption\":\"Sz\u0151l\u0151s Vend\u00e9gh\u00e1z Zam\u00e1rdi\"},\"image\":{\"@id\":\"https:\/\/szolosapartman.hu\/#\/schema\/logo\/image\/\"}},{\"@type\":\"WebSite\",\"@id\":\"https:\/\/szolosapartman.hu\/#website\",\"url\":\"https:\/\/szolosapartman.hu\/\",\"name\":\"szolosapartman.hu\",\"description\":\"Sz\u0151l\u0151s Vend\u00e9gh\u00e1z Zam\u00e1rdi\",\"publisher\":{\"@id\":\"https:\/\/szolosapartman.hu\/#organization\"},\"potentialAction\":[{\"@type\":\"SearchAction\",\"target\":{\"@type\":\"EntryPoint\",\"urlTemplate\":\"https:\/\/szolosapartman.hu\/?s={search_term_string}\"},\"query-input\":\"required name=search_term_string\"}],\"inLanguage\":\"en-US\"},{\"@type\":\"WebPage\",\"@id\":\"https:\/\/szolosapartman.hu\/elementor-304\/\",\"url\":\"https:\/\/szolosapartman.hu\/elementor-304\/\",\"name\":\"Elementor #304 - szolosapartman.hu\",\"isPartOf\":{\"@id\":\"https:\/\/szolosapartman.hu\/#website\"},\"datePublished\":\"2021-12-26T12:44:34+00:00\",\"dateModified\":\"2021-12-26T12:45:55+00:00\",\"breadcrumb\":{\"@id\":\"https:\/\/szolosapartman.hu\/elementor-304\/#breadcrumb\"},\"inLanguage\":\"en-US\",\"potentialAction\":[{\"@type\":\"ReadAction\",\"target\":[\"https:\/\/szolosapartman.hu\/elementor-304\/\"]}]},{\"@type\":\"BreadcrumbList\",\"@id\":\"https:\/\/szolosapartman.hu\/elementor-304\/#breadcrumb\",\"itemListElement\":[{\"@type\":\"ListItem\",\"position\":1,\"name\":\"Kezd\u0151lap\",\"item\":\"https:\/\/szolosapartman.hu\/\"},{\"@type\":\"ListItem\",\"position\":2,\"name\":\"Elementor #304\"}]}]}<\/script>\n<!-- \/ Yoast SEO plugin. -->","yoast_head_json":{"title":"Elementor #304 - szolosapartman.hu","robots":{"index":"index","follow":"follow","max-snippet":"max-snippet:-1","max-image-preview":"max-image-preview:large","max-video-preview":"max-video-preview:-1"},"canonical":"https:\/\/szolosapartman.hu\/en\/elementor-304\/","og_locale":"en_US","og_type":"article","og_title":"Elementor #304 - szolosapartman.hu","og_description":"Hamarosan&#8230;","og_url":"https:\/\/szolosapartman.hu\/en\/elementor-304\/","og_site_name":"szolosapartman.hu","article_modified_time":"2021-12-26T12:45:55+00:00","twitter_card":"summary_large_image","schema":{"@context":"https:\/\/schema.org","@graph":[{"@type":"Organization","@id":"https:\/\/szolosapartman.hu\/#organization","name":"Sz\u0151l\u0151s Vend\u00e9gh\u00e1z Zam\u00e1rdi","url":"https:\/\/szolosapartman.hu\/","sameAs":[],"logo":{"@type":"ImageObject","inLanguage":"en-US","@id":"https:\/\/szolosapartman.hu\/#\/schema\/logo\/image\/","url":"https:\/\/szolosapartman.hu\/wp-content\/uploads\/2021\/12\/logo.webp","contentUrl":"https:\/\/szolosapartman.hu\/wp-content\/uploads\/2021\/12\/logo.webp","width":675,"height":138,"caption":"Sz\u0151l\u0151s Vend\u00e9gh\u00e1z Zam\u00e1rdi"},"image":{"@id":"https:\/\/szolosapartman.hu\/#\/schema\/logo\/image\/"}},{"@type":"WebSite","@id":"https:\/\/szolosapartman.hu\/#website","url":"https:\/\/szolosapartman.hu\/","name":"szolosapartman.hu","description":"Sz\u0151l\u0151s Vend\u00e9gh\u00e1z Zam\u00e1rdi","publisher":{"@id":"https:\/\/szolosapartman.hu\/#organization"},"potentialAction":[{"@type":"SearchAction","target":{"@type":"EntryPoint","urlTemplate":"https:\/\/szolosapartman.hu\/?s={search_term_string}"},"query-input":"required name=search_term_string"}],"inLanguage":"en-US"},{"@type":"WebPage","@id":"https:\/\/szolosapartman.hu\/elementor-304\/","url":"https:\/\/szolosapartman.hu\/elementor-304\/","name":"Elementor #304 - szolosapartman.hu","isPartOf":{"@id":"https:\/\/szolosapartman.hu\/#website"},"datePublished":"2021-12-26T12:44:34+00:00","dateModified":"2021-12-26T12:45:55+00:00","breadcrumb":{"@id":"https:\/\/szolosapartman.hu\/elementor-304\/#breadcrumb"},"inLanguage":"en-US","potentialAction":[{"@type":"ReadAction","target":["https:\/\/szolosapartman.hu\/elementor-304\/"]}]},{"@type":"BreadcrumbList","@id":"https:\/\/szolosapartman.hu\/elementor-304\/#breadcrumb","itemListElement":[{"@type":"ListItem","position":1,"name":"Kezd\u0151lap","item":"https:\/\/szolosapartman.hu\/"},{"@type":"ListItem","position":2,"name":"Elementor #304"}]}]}},"_links":{"self":[{"href":"https:\/\/szolosapartman.hu\/en\/wp-json\/wp\/v2\/pages\/304"}],"collection":[{"href":"https:\/\/szolosapartman.hu\/en\/wp-json\/wp\/v2\/pages"}],"about":[{"href":"https:\/\/szolosapartman.hu\/en\/wp-json\/wp\/v2\/types\/page"}],"author":[{"embeddable":true,"href":"https:\/\/szolosapartman.hu\/en\/wp-json\/wp\/v2\/users\/1"}],"replies":[{"embeddable":true,"href":"https:\/\/szolosapartman.hu\/en\/wp-json\/wp\/v2\/comments?post=304"}],"version-history":[{"count":0,"href":"https:\/\/szolosapartman.hu\/en\/wp-json\/wp\/v2\/pages\/304\/revisions"}],"wp:attachment":[{"href":"https:\/\/szolosapartman.hu\/en\/wp-json\/wp\/v2\/media?parent=304"}],"curies":[{"name":"wp","href":"https:\/\/api.w.org\/{rel}","templated":true}]}}