{"id":488,"date":"2021-12-26T14:11:19","date_gmt":"2021-12-26T14:11:19","guid":{"rendered":"https:\/\/szolosapartman.hu\/?page_id=488"},"modified":"2021-12-29T12:54:54","modified_gmt":"2021-12-29T12:54:54","slug":"koszonjuk","status":"publish","type":"page","link":"https:\/\/szolosapartman.hu\/en\/koszonjuk\/","title":{"rendered":"koszonjuk"},"content":{"rendered":"<div data-elementor-type=\"wp-page\" data-elementor-id=\"488\" class=\"elementor elementor-488\">\n\t\t\t\t\t\t\t\t\t<section class=\"elementor-section elementor-top-section elementor-element elementor-element-ccd4903 elementor-section-height-min-height elementor-section-boxed elementor-section-height-default elementor-section-items-middle\" data-id=\"ccd4903\" data-element_type=\"section\">\n\t\t\t\t\t\t<div class=\"elementor-container elementor-column-gap-default\">\n\t\t\t\t\t<div class=\"elementor-column elementor-col-100 elementor-top-column elementor-element elementor-element-8215af9\" data-id=\"8215af9\" data-element_type=\"column\">\n\t\t\t<div class=\"elementor-widget-wrap elementor-element-populated\">\n\t\t\t\t\t\t\t\t<div class=\"elementor-element elementor-element-f46e6ba elementor-widget elementor-widget-heading\" data-id=\"f46e6ba\" data-element_type=\"widget\" data-widget_type=\"heading.default\">\n\t\t\t\t<div class=\"elementor-widget-container\">\n\t\t\t<style>\/*! elementor - v3.7.1 - 14-08-2022 *\/\n.elementor-heading-title{padding:0;margin:0;line-height:1}.elementor-widget-heading .elementor-heading-title[class*=elementor-size-]>a{color:inherit;font-size:inherit;line-height:inherit}.elementor-widget-heading .elementor-heading-title.elementor-size-small{font-size:15px}.elementor-widget-heading .elementor-heading-title.elementor-size-medium{font-size:19px}.elementor-widget-heading .elementor-heading-title.elementor-size-large{font-size:29px}.elementor-widget-heading .elementor-heading-title.elementor-size-xl{font-size:39px}.elementor-widget-heading .elementor-heading-title.elementor-size-xxl{font-size:59px}<\/style><h2 class=\"elementor-heading-title elementor-size-default\">K\u00f6sz\u00f6nj\u00fck,  a foglal\u00e1s\u00e1t megkaptuk.<\/h2>\t\t<\/div>\n\t\t\t\t<\/div>\n\t\t\t\t<div class=\"elementor-element elementor-element-fd0d56a elementor-widget elementor-widget-heading\" data-id=\"fd0d56a\" data-element_type=\"widget\" data-widget_type=\"heading.default\">\n\t\t\t\t<div class=\"elementor-widget-container\">\n\t\t\t<h2 class=\"elementor-heading-title elementor-size-default\">Visszajelz\u00e9st a megadott email c\u00edmre k\u00fcldj\u00fck.<\/h2>\t\t<\/div>\n\t\t\t\t<\/div>\n\t\t\t\t<div class=\"elementor-element elementor-element-96fb89d elementor-tablet-align-left elementor-mobile-align-left elementor-align-left elementor-hidden-tablet elementor-widget elementor-widget-button\" data-id=\"96fb89d\" data-element_type=\"widget\" data-widget_type=\"button.default\">\n\t\t\t\t<div class=\"elementor-widget-container\">\n\t\t\t\t\t<div class=\"elementor-button-wrapper\">\n\t\t\t<a href=\"\/en\/kezdolap\/\" class=\"elementor-button-link elementor-button elementor-size-sm\" role=\"button\">\n\t\t\t\t\t\t<span class=\"elementor-button-content-wrapper\">\n\t\t\t\t\t\t\t<span class=\"elementor-button-icon elementor-align-icon-right\">\n\t\t\t\t<i aria-hidden=\"true\" class=\"fas fa-arrow-right\"><\/i>\t\t\t<\/span>\n\t\t\t\t\t\t<span class=\"elementor-button-text\">Homepage<\/span>\n\t\t<\/span>\n\t\t\t\t\t<\/a>\n\t\t<\/div>\n\t\t\t\t<\/div>\n\t\t\t\t<\/div>\n\t\t\t\t\t<\/div>\n\t\t<\/div>\n\t\t\t\t\t\t\t<\/div>\n\t\t<\/section>\n\t\t\t\t\t\t\t<\/div>","protected":false},"excerpt":{"rendered":"<p>K\u00f6sz\u00f6nj\u00fck, a foglal\u00e1s\u00e1t megkaptuk. Visszajelz\u00e9st a megadott email c\u00edmre k\u00fcldj\u00fck. Kezd\u0151lap<\/p>","protected":false},"author":1,"featured_media":0,"parent":0,"menu_order":0,"comment_status":"closed","ping_status":"closed","template":"","meta":{"_mi_skip_tracking":false},"yoast_head":"<!-- This site is optimized with the Yoast SEO plugin v19.4 - https:\/\/yoast.com\/wordpress\/plugins\/seo\/ -->\n<title>koszonjuk - szolosapartman.hu<\/title>\n<meta name=\"robots\" content=\"index, follow, max-snippet:-1, max-image-preview:large, max-video-preview:-1\" \/>\n<link rel=\"canonical\" href=\"https:\/\/szolosapartman.hu\/en\/koszonjuk\/\" \/>\n<meta property=\"og:locale\" content=\"en_US\" \/>\n<meta property=\"og:type\" content=\"article\" \/>\n<meta property=\"og:title\" content=\"koszonjuk - szolosapartman.hu\" \/>\n<meta property=\"og:description\" content=\"K\u00f6sz\u00f6nj\u00fck, a foglal\u00e1s\u00e1t megkaptuk. Visszajelz\u00e9st a megadott email c\u00edmre k\u00fcldj\u00fck. Kezd\u0151lap\" \/>\n<meta property=\"og:url\" content=\"https:\/\/szolosapartman.hu\/en\/koszonjuk\/\" \/>\n<meta property=\"og:site_name\" content=\"szolosapartman.hu\" \/>\n<meta property=\"article:modified_time\" content=\"2021-12-29T12:54:54+00:00\" \/>\n<meta name=\"twitter:card\" content=\"summary_large_image\" \/>\n<script type=\"application\/ld+json\" class=\"yoast-schema-graph\">{\"@context\":\"https:\/\/schema.org\",\"@graph\":[{\"@type\":\"Organization\",\"@id\":\"https:\/\/szolosapartman.hu\/#organization\",\"name\":\"Sz\u0151l\u0151s Vend\u00e9gh\u00e1z Zam\u00e1rdi\",\"url\":\"https:\/\/szolosapartman.hu\/\",\"sameAs\":[],\"logo\":{\"@type\":\"ImageObject\",\"inLanguage\":\"en-US\",\"@id\":\"https:\/\/szolosapartman.hu\/#\/schema\/logo\/image\/\",\"url\":\"https:\/\/szolosapartman.hu\/wp-content\/uploads\/2021\/12\/logo.webp\",\"contentUrl\":\"https:\/\/szolosapartman.hu\/wp-content\/uploads\/2021\/12\/logo.webp\",\"width\":675,\"height\":138,\"caption\":\"Sz\u0151l\u0151s Vend\u00e9gh\u00e1z Zam\u00e1rdi\"},\"image\":{\"@id\":\"https:\/\/szolosapartman.hu\/#\/schema\/logo\/image\/\"}},{\"@type\":\"WebSite\",\"@id\":\"https:\/\/szolosapartman.hu\/#website\",\"url\":\"https:\/\/szolosapartman.hu\/\",\"name\":\"szolosapartman.hu\",\"description\":\"Sz\u0151l\u0151s Vend\u00e9gh\u00e1z Zam\u00e1rdi\",\"publisher\":{\"@id\":\"https:\/\/szolosapartman.hu\/#organization\"},\"potentialAction\":[{\"@type\":\"SearchAction\",\"target\":{\"@type\":\"EntryPoint\",\"urlTemplate\":\"https:\/\/szolosapartman.hu\/?s={search_term_string}\"},\"query-input\":\"required name=search_term_string\"}],\"inLanguage\":\"en-US\"},{\"@type\":\"WebPage\",\"@id\":\"https:\/\/szolosapartman.hu\/koszonjuk\/\",\"url\":\"https:\/\/szolosapartman.hu\/koszonjuk\/\",\"name\":\"koszonjuk - szolosapartman.hu\",\"isPartOf\":{\"@id\":\"https:\/\/szolosapartman.hu\/#website\"},\"datePublished\":\"2021-12-26T14:11:19+00:00\",\"dateModified\":\"2021-12-29T12:54:54+00:00\",\"breadcrumb\":{\"@id\":\"https:\/\/szolosapartman.hu\/koszonjuk\/#breadcrumb\"},\"inLanguage\":\"en-US\",\"potentialAction\":[{\"@type\":\"ReadAction\",\"target\":[\"https:\/\/szolosapartman.hu\/koszonjuk\/\"]}]},{\"@type\":\"BreadcrumbList\",\"@id\":\"https:\/\/szolosapartman.hu\/koszonjuk\/#breadcrumb\",\"itemListElement\":[{\"@type\":\"ListItem\",\"position\":1,\"name\":\"Kezd\u0151lap\",\"item\":\"https:\/\/szolosapartman.hu\/\"},{\"@type\":\"ListItem\",\"position\":2,\"name\":\"koszonjuk\"}]}]}<\/script>\n<!-- \/ Yoast SEO plugin. -->","yoast_head_json":{"title":"koszonjuk - szolosapartman.hu","robots":{"index":"index","follow":"follow","max-snippet":"max-snippet:-1","max-image-preview":"max-image-preview:large","max-video-preview":"max-video-preview:-1"},"canonical":"https:\/\/szolosapartman.hu\/en\/koszonjuk\/","og_locale":"en_US","og_type":"article","og_title":"koszonjuk - szolosapartman.hu","og_description":"K\u00f6sz\u00f6nj\u00fck, a foglal\u00e1s\u00e1t megkaptuk. Visszajelz\u00e9st a megadott email c\u00edmre k\u00fcldj\u00fck. Kezd\u0151lap","og_url":"https:\/\/szolosapartman.hu\/en\/koszonjuk\/","og_site_name":"szolosapartman.hu","article_modified_time":"2021-12-29T12:54:54+00:00","twitter_card":"summary_large_image","schema":{"@context":"https:\/\/schema.org","@graph":[{"@type":"Organization","@id":"https:\/\/szolosapartman.hu\/#organization","name":"Sz\u0151l\u0151s Vend\u00e9gh\u00e1z Zam\u00e1rdi","url":"https:\/\/szolosapartman.hu\/","sameAs":[],"logo":{"@type":"ImageObject","inLanguage":"en-US","@id":"https:\/\/szolosapartman.hu\/#\/schema\/logo\/image\/","url":"https:\/\/szolosapartman.hu\/wp-content\/uploads\/2021\/12\/logo.webp","contentUrl":"https:\/\/szolosapartman.hu\/wp-content\/uploads\/2021\/12\/logo.webp","width":675,"height":138,"caption":"Sz\u0151l\u0151s Vend\u00e9gh\u00e1z Zam\u00e1rdi"},"image":{"@id":"https:\/\/szolosapartman.hu\/#\/schema\/logo\/image\/"}},{"@type":"WebSite","@id":"https:\/\/szolosapartman.hu\/#website","url":"https:\/\/szolosapartman.hu\/","name":"szolosapartman.hu","description":"Sz\u0151l\u0151s Vend\u00e9gh\u00e1z Zam\u00e1rdi","publisher":{"@id":"https:\/\/szolosapartman.hu\/#organization"},"potentialAction":[{"@type":"SearchAction","target":{"@type":"EntryPoint","urlTemplate":"https:\/\/szolosapartman.hu\/?s={search_term_string}"},"query-input":"required name=search_term_string"}],"inLanguage":"en-US"},{"@type":"WebPage","@id":"https:\/\/szolosapartman.hu\/koszonjuk\/","url":"https:\/\/szolosapartman.hu\/koszonjuk\/","name":"koszonjuk - szolosapartman.hu","isPartOf":{"@id":"https:\/\/szolosapartman.hu\/#website"},"datePublished":"2021-12-26T14:11:19+00:00","dateModified":"2021-12-29T12:54:54+00:00","breadcrumb":{"@id":"https:\/\/szolosapartman.hu\/koszonjuk\/#breadcrumb"},"inLanguage":"en-US","potentialAction":[{"@type":"ReadAction","target":["https:\/\/szolosapartman.hu\/koszonjuk\/"]}]},{"@type":"BreadcrumbList","@id":"https:\/\/szolosapartman.hu\/koszonjuk\/#breadcrumb","itemListElement":[{"@type":"ListItem","position":1,"name":"Kezd\u0151lap","item":"https:\/\/szolosapartman.hu\/"},{"@type":"ListItem","position":2,"name":"koszonjuk"}]}]}},"_links":{"self":[{"href":"https:\/\/szolosapartman.hu\/en\/wp-json\/wp\/v2\/pages\/488"}],"collection":[{"href":"https:\/\/szolosapartman.hu\/en\/wp-json\/wp\/v2\/pages"}],"about":[{"href":"https:\/\/szolosapartman.hu\/en\/wp-json\/wp\/v2\/types\/page"}],"author":[{"embeddable":true,"href":"https:\/\/szolosapartman.hu\/en\/wp-json\/wp\/v2\/users\/1"}],"replies":[{"embeddable":true,"href":"https:\/\/szolosapartman.hu\/en\/wp-json\/wp\/v2\/comments?post=488"}],"version-history":[{"count":0,"href":"https:\/\/szolosapartman.hu\/en\/wp-json\/wp\/v2\/pages\/488\/revisions"}],"wp:attachment":[{"href":"https:\/\/szolosapartman.hu\/en\/wp-json\/wp\/v2\/media?parent=488"}],"curies":[{"name":"wp","href":"https:\/\/api.w.org\/{rel}","templated":true}]}}