{"id":830,"date":"2021-12-30T14:25:47","date_gmt":"2021-12-30T14:25:47","guid":{"rendered":"https:\/\/szolosapartman.hu\/kezdolap-deutsch\/"},"modified":"2021-12-30T14:25:47","modified_gmt":"2021-12-30T14:25:47","slug":"kezdolap-deutsch","status":"publish","type":"page","link":"https:\/\/szolosapartman.hu\/en\/kezdolap-deutsch\/","title":{"rendered":"Kezd\u0151lap &#8211; Deutsch"},"content":{"rendered":"","protected":false},"excerpt":{"rendered":"","protected":false},"author":1,"featured_media":0,"parent":0,"menu_order":0,"comment_status":"closed","ping_status":"closed","template":"","meta":{"_mi_skip_tracking":false},"yoast_head":"<!-- This site is optimized with the Yoast SEO plugin v19.4 - https:\/\/yoast.com\/wordpress\/plugins\/seo\/ -->\n<title>Kezd\u0151lap - Deutsch - szolosapartman.hu<\/title>\n<meta name=\"robots\" content=\"index, follow, max-snippet:-1, max-image-preview:large, max-video-preview:-1\" \/>\n<link rel=\"canonical\" href=\"https:\/\/szolosapartman.hu\/en\/kezdolap-deutsch\/\" \/>\n<meta property=\"og:locale\" content=\"en_US\" \/>\n<meta property=\"og:type\" content=\"article\" \/>\n<meta property=\"og:title\" content=\"Kezd\u0151lap - Deutsch - szolosapartman.hu\" \/>\n<meta property=\"og:url\" content=\"https:\/\/szolosapartman.hu\/en\/kezdolap-deutsch\/\" \/>\n<meta property=\"og:site_name\" content=\"szolosapartman.hu\" \/>\n<meta name=\"twitter:card\" content=\"summary_large_image\" \/>\n<script type=\"application\/ld+json\" class=\"yoast-schema-graph\">{\"@context\":\"https:\/\/schema.org\",\"@graph\":[{\"@type\":\"Organization\",\"@id\":\"https:\/\/szolosapartman.hu\/#organization\",\"name\":\"Sz\u0151l\u0151s Vend\u00e9gh\u00e1z Zam\u00e1rdi\",\"url\":\"https:\/\/szolosapartman.hu\/\",\"sameAs\":[],\"logo\":{\"@type\":\"ImageObject\",\"inLanguage\":\"en-US\",\"@id\":\"https:\/\/szolosapartman.hu\/#\/schema\/logo\/image\/\",\"url\":\"https:\/\/szolosapartman.hu\/wp-content\/uploads\/2021\/12\/logo.webp\",\"contentUrl\":\"https:\/\/szolosapartman.hu\/wp-content\/uploads\/2021\/12\/logo.webp\",\"width\":675,\"height\":138,\"caption\":\"Sz\u0151l\u0151s Vend\u00e9gh\u00e1z Zam\u00e1rdi\"},\"image\":{\"@id\":\"https:\/\/szolosapartman.hu\/#\/schema\/logo\/image\/\"}},{\"@type\":\"WebSite\",\"@id\":\"https:\/\/szolosapartman.hu\/#website\",\"url\":\"https:\/\/szolosapartman.hu\/\",\"name\":\"szolosapartman.hu\",\"description\":\"Sz\u0151l\u0151s Vend\u00e9gh\u00e1z Zam\u00e1rdi\",\"publisher\":{\"@id\":\"https:\/\/szolosapartman.hu\/#organization\"},\"potentialAction\":[{\"@type\":\"SearchAction\",\"target\":{\"@type\":\"EntryPoint\",\"urlTemplate\":\"https:\/\/szolosapartman.hu\/?s={search_term_string}\"},\"query-input\":\"required name=search_term_string\"}],\"inLanguage\":\"en-US\"},{\"@type\":\"WebPage\",\"@id\":\"https:\/\/szolosapartman.hu\/kezdolap-deutsch\/\",\"url\":\"https:\/\/szolosapartman.hu\/kezdolap-deutsch\/\",\"name\":\"Kezd\u0151lap - Deutsch - szolosapartman.hu\",\"isPartOf\":{\"@id\":\"https:\/\/szolosapartman.hu\/#website\"},\"datePublished\":\"2021-12-30T14:25:47+00:00\",\"dateModified\":\"2021-12-30T14:25:47+00:00\",\"breadcrumb\":{\"@id\":\"https:\/\/szolosapartman.hu\/kezdolap-deutsch\/#breadcrumb\"},\"inLanguage\":\"en-US\",\"potentialAction\":[{\"@type\":\"ReadAction\",\"target\":[\"https:\/\/szolosapartman.hu\/kezdolap-deutsch\/\"]}]},{\"@type\":\"BreadcrumbList\",\"@id\":\"https:\/\/szolosapartman.hu\/kezdolap-deutsch\/#breadcrumb\",\"itemListElement\":[{\"@type\":\"ListItem\",\"position\":1,\"name\":\"Kezd\u0151lap\",\"item\":\"https:\/\/szolosapartman.hu\/\"},{\"@type\":\"ListItem\",\"position\":2,\"name\":\"Kezd\u0151lap &#8211; Deutsch\"}]}]}<\/script>\n<!-- \/ Yoast SEO plugin. -->","yoast_head_json":{"title":"Kezd\u0151lap - Deutsch - szolosapartman.hu","robots":{"index":"index","follow":"follow","max-snippet":"max-snippet:-1","max-image-preview":"max-image-preview:large","max-video-preview":"max-video-preview:-1"},"canonical":"https:\/\/szolosapartman.hu\/en\/kezdolap-deutsch\/","og_locale":"en_US","og_type":"article","og_title":"Kezd\u0151lap - Deutsch - szolosapartman.hu","og_url":"https:\/\/szolosapartman.hu\/en\/kezdolap-deutsch\/","og_site_name":"szolosapartman.hu","twitter_card":"summary_large_image","schema":{"@context":"https:\/\/schema.org","@graph":[{"@type":"Organization","@id":"https:\/\/szolosapartman.hu\/#organization","name":"Sz\u0151l\u0151s Vend\u00e9gh\u00e1z Zam\u00e1rdi","url":"https:\/\/szolosapartman.hu\/","sameAs":[],"logo":{"@type":"ImageObject","inLanguage":"en-US","@id":"https:\/\/szolosapartman.hu\/#\/schema\/logo\/image\/","url":"https:\/\/szolosapartman.hu\/wp-content\/uploads\/2021\/12\/logo.webp","contentUrl":"https:\/\/szolosapartman.hu\/wp-content\/uploads\/2021\/12\/logo.webp","width":675,"height":138,"caption":"Sz\u0151l\u0151s Vend\u00e9gh\u00e1z Zam\u00e1rdi"},"image":{"@id":"https:\/\/szolosapartman.hu\/#\/schema\/logo\/image\/"}},{"@type":"WebSite","@id":"https:\/\/szolosapartman.hu\/#website","url":"https:\/\/szolosapartman.hu\/","name":"szolosapartman.hu","description":"Sz\u0151l\u0151s Vend\u00e9gh\u00e1z Zam\u00e1rdi","publisher":{"@id":"https:\/\/szolosapartman.hu\/#organization"},"potentialAction":[{"@type":"SearchAction","target":{"@type":"EntryPoint","urlTemplate":"https:\/\/szolosapartman.hu\/?s={search_term_string}"},"query-input":"required name=search_term_string"}],"inLanguage":"en-US"},{"@type":"WebPage","@id":"https:\/\/szolosapartman.hu\/kezdolap-deutsch\/","url":"https:\/\/szolosapartman.hu\/kezdolap-deutsch\/","name":"Kezd\u0151lap - Deutsch - szolosapartman.hu","isPartOf":{"@id":"https:\/\/szolosapartman.hu\/#website"},"datePublished":"2021-12-30T14:25:47+00:00","dateModified":"2021-12-30T14:25:47+00:00","breadcrumb":{"@id":"https:\/\/szolosapartman.hu\/kezdolap-deutsch\/#breadcrumb"},"inLanguage":"en-US","potentialAction":[{"@type":"ReadAction","target":["https:\/\/szolosapartman.hu\/kezdolap-deutsch\/"]}]},{"@type":"BreadcrumbList","@id":"https:\/\/szolosapartman.hu\/kezdolap-deutsch\/#breadcrumb","itemListElement":[{"@type":"ListItem","position":1,"name":"Kezd\u0151lap","item":"https:\/\/szolosapartman.hu\/"},{"@type":"ListItem","position":2,"name":"Kezd\u0151lap &#8211; Deutsch"}]}]}},"_links":{"self":[{"href":"https:\/\/szolosapartman.hu\/en\/wp-json\/wp\/v2\/pages\/830"}],"collection":[{"href":"https:\/\/szolosapartman.hu\/en\/wp-json\/wp\/v2\/pages"}],"about":[{"href":"https:\/\/szolosapartman.hu\/en\/wp-json\/wp\/v2\/types\/page"}],"author":[{"embeddable":true,"href":"https:\/\/szolosapartman.hu\/en\/wp-json\/wp\/v2\/users\/1"}],"replies":[{"embeddable":true,"href":"https:\/\/szolosapartman.hu\/en\/wp-json\/wp\/v2\/comments?post=830"}],"version-history":[{"count":0,"href":"https:\/\/szolosapartman.hu\/en\/wp-json\/wp\/v2\/pages\/830\/revisions"}],"wp:attachment":[{"href":"https:\/\/szolosapartman.hu\/en\/wp-json\/wp\/v2\/media?parent=830"}],"curies":[{"name":"wp","href":"https:\/\/api.w.org\/{rel}","templated":true}]}}